{"id":373,"date":"2020-04-13T11:01:47","date_gmt":"2020-04-13T11:01:47","guid":{"rendered":"http:\/\/clinicadentalsbd.com\/?page_id=373"},"modified":"2020-04-13T11:02:23","modified_gmt":"2020-04-13T11:02:23","slug":"politica-de-privacidad","status":"publish","type":"page","link":"https:\/\/clinicadentalsbd.com\/index.php\/ca\/politica-de-privacidad\/","title":{"rendered":"Politica de Privacidad"},"content":{"rendered":"<p><b>Pol\u00edtica de privacidad de datos<\/b><\/p>\n<p><span style=\"font-weight: 400;\">Esta pol\u00edtica de privacidad establece la forma en que se van a gestionar los datos personales que el INTERESADO facilite al RESPONSABLE DEL TRATAMIENTO. Esta pol\u00edtica es aceptada expresa y plenamente por el INTERESADO desde el momento en que para el uso del sitio o de los servicios ofrecidos por el sitio web comunique al mismo sus datos personales, dado que dicha comunicaci\u00f3n siempre es voluntaria y supondr\u00e1 un acto expl\u00edcito de aceptaci\u00f3n de las condiciones de tratamiento de sus datos personales para la finalidad informada.<\/span><\/p>\n<p><span style=\"font-weight: 400;\">Se informa al INTERESADO que cualquier tratamiento de datos personales, quedar\u00e1 bajo el \u00e1mbito de aplicaci\u00f3n de la legislaci\u00f3n vigente en Espa\u00f1a en materia de protecci\u00f3n de datos.<\/span><\/p>\n<p><span style=\"font-weight: 400;\">A efectos de lo previsto en el Art\u00edculo 13 del Reglamento (UE) 2016\/679 del Parlamento Europeo Y del Consejo, relativo a la protecci\u00f3n de las personas f\u00edsicas en lo que respecta al tratamiento de datos personales, el Reglamento General de Protecci\u00f3n de Datos 2016\/679 (RGPD) y la Ley Org\u00e1nica 3\/2018, de 5 de diciembre, de Protecci\u00f3n de Datos Personales y Garant\u00eda de los Derechos Digitales, se informa de manera clara y transparente de los datos del RESPONSABLE DEL TRATAMIENTO:\u00a0<\/span><\/p>\n<p>&nbsp;<\/p>\n<p><b>DATOS IDENTIFICATIVOS Y DE CONTACTO DEL RESPONSABLE DEL TRATAMIENTO.<\/b><\/p>\n<ul>\n<li style=\"font-weight: 400;\"><span style=\"font-weight: 400;\"><span style=\"font-weight: 400;\">D\u00d1A. GLORIA ARCOS HERN\u00c1NDEZ (CL\u00cdNICA DENTAL SABADELL)<\/span><\/span><\/li>\n<li style=\"font-weight: 400;\"><span style=\"font-weight: 400;\">Su NIF 39040096-B<\/span><\/li>\n<\/ul>\n<ul>\n<li style=\"font-weight: 400;\"><span style=\"font-weight: 400;\">Su domicilio es D&#8217;EN FONT, 28 &#8211; C.P. 08201 SABADELL (BARCELONA)<\/span><\/li>\n<\/ul>\n<ul>\n<li style=\"font-weight: 400;\"><span style=\"font-weight: 400;\">Su email de contacto es <\/span><a href=\"mailto:clinicadentalsbd@gmail.com\"><span style=\"font-weight: 400;\">clinicadentalsbd@gmail.com<\/span><\/a><\/li>\n<li style=\"font-weight: 400;\"><span style=\"font-weight: 400;\">Contacto telef\u00f3nico: 93 7279279<br \/>\n<\/span><\/li>\n<\/ul>\n<p><span style=\"font-weight: 400;\">D\u00d1A. GLORIA ARCOS HERN\u00c1NDEZ<\/span> <span style=\"font-weight: 400;\">ha adoptado las medidas oportunas de seguridad en sus instalaciones, sistemas y tratamientos. Ha establecido todos los medios t\u00e9cnicos a su alcance para evitar la p\u00e9rdida, mal uso, alteraci\u00f3n, acceso no autorizado y robo de los datos que el INTERESADO le facilite, velando as\u00ed por su integridad y confidencialidad.<\/span><\/p>\n<h6><b>FINALIDADES DE TRATAMIENTO DE LOS DATOS DE CAR\u00c1CTER PERSONAL.<\/b><\/h6>\n<p><span style=\"font-weight: 400;\">El RESPONSABLE DEL TRATAMIENTO utilizar\u00e1 los datos de car\u00e1cter personal facilitados para las siguientes finalidades de tratamiento:<\/span><\/p>\n<ol>\n<li><span style=\"font-weight: 400;\">Para prestar los servicios sanitarios solicitados por el INTERESADO, as\u00ed como la gesti\u00f3n contable y administrativa de los mismos.<br \/>\n<\/span><\/li>\n<li style=\"font-weight: 400;\"><span style=\"font-weight: 400;\"><span style=\"font-weight: 400;\">La resoluci\u00f3n de las consultas, dudas y\/o sugerencias que el propio usuario plantee a trav\u00e9s del formulario web o cualquier otra v\u00eda de contacto.<\/span><\/span><\/li>\n<li style=\"font-weight: 400;\"><span style=\"font-weight: 400;\">Contactos con el paciente a trav\u00e9s de cualquier medio ya sea electr\u00f3nico (WhatsApp, correo electr\u00f3nico, SMS, MMS, etc.) o no electr\u00f3nico (correo ordinario, etc.), siempre que tenga por finalidad el mantenimiento de la relaci\u00f3n existente entre el Usuario y el Responsable del tratamiento, as\u00ed como el desempe\u00f1o de las tareas de informaci\u00f3n, y otras actividades propias de los servicios que presta.<\/span><\/li>\n<\/ol>\n<p><span style=\"font-weight: 400;\">El no facilitar los datos personales solicitados o el no aceptar la presente pol\u00edtica de protecci\u00f3n de datos supone la imposibilidad de llevar a cabo la prestaci\u00f3n de servicios solicitada por parte del INTERESADO.<\/span><\/p>\n<p><span style=\"font-weight: 400;\">El INTERESADO se compromete a introducir datos reales y veraces. Asimismo, ser\u00e1 el \u00fanico responsable de los da\u00f1os y perjuicios que el Responsable del tratamiento o terceros pudieran sufrir como consecuencia de la falta de veracidad, inexactitud, falta de vigencia y autenticidad de los datos facilitados.<\/span><\/p>\n<p><span style=\"font-weight: 400;\">Los datos personales proporcionados se conservar\u00e1n mientras el INTERESADO no solicite su supresi\u00f3n o cancelaci\u00f3n y siempre que resulten adecuados, pertinentes y limitados a lo necesario para los fines para los que sean tratados. En este caso, los datos proporcionados se conservar\u00e1n durante el periodo necesario para cumplir con las obligaciones legales. Se garantiza un tratamiento de datos leal y transparente.<\/span><\/p>\n<p><b>LEGITIMACI\u00d3N O BASE JUR\u00cdDICA DEL TRATAMIENTO.<\/b><\/p>\n<h6><span style=\"font-weight: 400;\">La base legal para el tratamiento de sus datos es la ejecuci\u00f3n de un contrato, la prestaci\u00f3n de un servicio y\/o el consentimiento.<\/span><\/h6>\n<h6><span style=\"font-weight: 400;\">\u2022 Prestaci\u00f3n de asistencia sanitaria: ejecuci\u00f3n de un contrato de prestaci\u00f3n de asistencia sanitaria y\/o consentimiento del interesado.<\/span><\/h6>\n<h6><span style=\"font-weight: 400;\">\u2022 Formulario de contacto: consentimiento del usuario al solicitar informaci\u00f3n y enviar el formulario.<\/span><\/h6>\n<h6><span style=\"font-weight: 400;\">\u2022 Env\u00edo de correos electr\u00f3nicos: el consentimiento del usuario al solicitarnos informaci\u00f3n a trav\u00e9s de la direcci\u00f3n de correo electr\u00f3nico.<\/span><\/h6>\n<p>&nbsp;<\/p>\n<p><b>CESIONES DE LOS DATOS PERSONALES DEL USUARIO A TERCEROS.<\/b><\/p>\n<p><span style=\"font-weight: 400;\">En ning\u00fan caso cederemos sus datos a terceros sin informarle previamente y requerirle su consentimiento.<\/span><\/p>\n<p><span style=\"font-weight: 400;\">El Responsable del tratamiento informa al INTERESADO de que cualquier cesi\u00f3n de datos que deba realizar, ser\u00e1 puesta en su conocimiento inform\u00e1ndole de modo expreso, preciso e inequ\u00edvoco de los destinatarios de la informaci\u00f3n, de la finalidad a que se destinar\u00e1n los datos, y de la naturaleza de los datos cedidos y, en su caso, cuando la legislaci\u00f3n lo establezca, previamente se solicitar\u00e1 el consentimiento expl\u00edcito, inequ\u00edvoco, espec\u00edfico e informado al INTERESADO.<\/span><\/p>\n<p><b>EJERCICIO DE DERECHOS DE ACCESO, RECTIFICACI\u00d3N, CANCELACI\u00d3N O SUPRESI\u00d3N, OPOSICI\u00d3N, LIMITACI\u00d3N AL TRATAMIENTO Y PORTABILIDAD.<\/b><\/p>\n<p><span style=\"font-weight: 400;\">Le informamos que los derechos de acceso, rectificaci\u00f3n, supresi\u00f3n, limitaci\u00f3n de tratamiento, u oposici\u00f3n al tratamiento, as\u00ed como el derecho a la portabilidad de los datos podr\u00e1n ser ejercitados ante el Responsable del tratamiento por cualquier medio sujeto en derecho, acompa\u00f1ando de copia de documento oficial que le identifique dirigi\u00e9ndose a: D&#8217;EN FONT, 28 &#8211; C.P. 08201 SABADELL (BARCELONA), o enviando un mensaje al correo electr\u00f3nico a <\/span><a href=\"mailto:clinicadentalsbd@gmail.com\"><span style=\"font-weight: 400;\">clinicadentalsbd@gmail.com<\/span><\/a><span style=\"font-weight: 400;\">. seg\u00fan los t\u00e9rminos que la normativa aplicable establece. Si considera que el tratamiento no se ajusta a la normativa vigente, podr\u00e1 presentar una reclamaci\u00f3n ante la autoridad de control en\u00a0<\/span><a href=\"http:\/\/agpd.es\/\"><span style=\"font-weight: 400;\">agpd.es<\/span><\/a><span style=\"font-weight: 400;\">.<\/span><\/p>\n<p><span style=\"font-weight: 400;\">La solicitud deber\u00e1 contener nombre, apellidos del INTERESADO, copia del DNI y, en los casos que se admita, de la persona que lo represente, as\u00ed como documento acreditativo de la representaci\u00f3n, petici\u00f3n en que se concreta la solicitud, domicilio a efectos de notificaciones, fecha y firma del solicitante y documentos acreditativos de la petici\u00f3n que formula. Si la solicitud no re\u00fane los requisitos especificados se requerir\u00e1 su subsanaci\u00f3n. Respecto al derecho de acceso, \u00fanicamente se denegar\u00e1 cuando la solicitud sea formulada por persona distinta del afectado. No se exigir\u00e1 contraprestaci\u00f3n alguna por el ejercicio de los derechos.<\/span><\/p>\n<p><span style=\"font-weight: 400;\">En el caso de que se haya otorgado el consentimiento para alguna finalidad espec\u00edfica, se puede ejercitar el derecho a retirar dicho consentimiento en cualquier momento, sin que ello afecte a la licitud del tratamiento basado en el consentimiento previo a su retirada.<\/span><\/p>\n<p><span style=\"font-weight: 400;\">El INTERESADO queda informado del derecho que le asiste a presentar una reclamaci\u00f3n ante la Agencia Espa\u00f1ola de Protecci\u00f3n de Datos (AEPD) y\/o solicitar su tutela, en particular, cuando considere que no ha obtenido satisfacci\u00f3n por parte del Responsable del tratamiento, en el ejercicio de sus derechos, a trav\u00e9s de la sede electr\u00f3nica de su portal web (<\/span><a href=\"about:blank\"><span style=\"font-weight: 400;\">www.agpd.es<\/span><\/a><span style=\"font-weight: 400;\">), o bien mediante escrito dirigido a su direcci\u00f3n postal (C\/Jorge Juan, 6, 28001-Madrid).<\/span><\/p>\n<p><span style=\"font-weight: 400;\">El INTERESADO declara haber sido informado de las condiciones sobre Protecci\u00f3n de Datos de Car\u00e1cter Personal en los t\u00e9rminos establecidos en el Art\u00edculo 13 del Reglamento (UE) 2016\/679 del Parlamento Europeo Y del Consejo, relativo a la protecci\u00f3n de las personas f\u00edsicas en lo que respecta al tratamiento de datos personales, otorgando su consentimiento para el tratamiento de sus datos personales en relaci\u00f3n a las finalidades anteriormente descritas, en la forma y para las finalidades indicadas en la presente Pol\u00edtica de Privacidad.<\/span><\/p>\n<p><span style=\"font-weight: 400;\">El RESPONSABLE DEL TRATAMIENTO se reserva el derecho de modificar su pol\u00edtica de protecci\u00f3n de datos de acuerdo a su criterio, o a causa de un cambio legislativo, jurisprudencial o en la pr\u00e1ctica empresarial. Si el RESPONSABLE DEL TRATAMIENTO incluyese\u00a0 alguna modificaci\u00f3n, el nuevo texto ser\u00e1 publicado en este mismo sitio Web, donde el INTERESADO podr\u00e1 tener conocimiento de la pol\u00edtica de protecci\u00f3n de datos actual.<\/span><\/p>\n<p>&nbsp;<\/p>\n","protected":false},"excerpt":{"rendered":"<p>Pol\u00edtica de privacidad de datos Esta pol\u00edtica de privacidad establece la forma en que se van a gestionar los datos personales que el INTERESADO facilite al RESPONSABLE DEL TRATAMIENTO. Esta pol\u00edtica es aceptada expresa y plenamente por el INTERESADO desde el momento en que para el uso del sitio o de los servicios ofrecidos por&#8230;<\/p>\n","protected":false},"author":1,"featured_media":0,"parent":0,"menu_order":0,"comment_status":"closed","ping_status":"closed","template":"","meta":[],"_links":{"self":[{"href":"https:\/\/clinicadentalsbd.com\/index.php\/wp-json\/wp\/v2\/pages\/373"}],"collection":[{"href":"https:\/\/clinicadentalsbd.com\/index.php\/wp-json\/wp\/v2\/pages"}],"about":[{"href":"https:\/\/clinicadentalsbd.com\/index.php\/wp-json\/wp\/v2\/types\/page"}],"author":[{"embeddable":true,"href":"https:\/\/clinicadentalsbd.com\/index.php\/wp-json\/wp\/v2\/users\/1"}],"replies":[{"embeddable":true,"href":"https:\/\/clinicadentalsbd.com\/index.php\/wp-json\/wp\/v2\/comments?post=373"}],"version-history":[{"count":4,"href":"https:\/\/clinicadentalsbd.com\/index.php\/wp-json\/wp\/v2\/pages\/373\/revisions"}],"predecessor-version":[{"id":425,"href":"https:\/\/clinicadentalsbd.com\/index.php\/wp-json\/wp\/v2\/pages\/373\/revisions\/425"}],"wp:attachment":[{"href":"https:\/\/clinicadentalsbd.com\/index.php\/wp-json\/wp\/v2\/media?parent=373"}],"curies":[{"name":"wp","href":"https:\/\/api.w.org\/{rel}","templated":true}]}}