{"id":378,"date":"2020-04-13T13:14:44","date_gmt":"2020-04-13T13:14:44","guid":{"rendered":"http:\/\/clinicadentalsbd.com\/?page_id=378"},"modified":"2020-04-29T12:06:33","modified_gmt":"2020-04-29T12:06:33","slug":"informacion-sobre-cookies","status":"publish","type":"page","link":"https:\/\/clinicadentalsbd.com\/index.php\/ca\/informacion-sobre-cookies\/","title":{"rendered":"Informacion sobre cookies"},"content":{"rendered":"<p><b>\u00bfQU\u00c9 SON LAS COOKIES?\u00a0<\/b><\/p>\n<p><span style=\"font-weight: 400;\">Una cookie es un fichero que se descarga en el disco duro de su ordenador al acceder a determinadas p\u00e1ginas web o aplicaciones. Las cookies permiten, entre otras cosas, recopilar informaci\u00f3n estad\u00edstica, facilitar ciertas funcionalidades t\u00e9cnicas, almacenar y recuperar informaci\u00f3n sobre los h\u00e1bitos de navegaci\u00f3n o preferencias de un usuario o de su equipo y, dependiendo de la informaci\u00f3n que contengan y de la forma en que utilice su equipo, pueden utilizarse para reconocer al usuario. Tenga en cuenta que las cookies no pueden da\u00f1ar su equipo y que, a cambio, el que est\u00e9n activadas nos ayudan a identificar y resolver los posibles errores.<\/span><\/p>\n<p><b>Existen varios tipos de cookies:<\/b><\/p>\n<p><b>Cookies propias o de terceros:<\/b><span style=\"font-weight: 400;\"> son propias cuando las cookies se gestionan desde el terminal o dominio de un mismo editor. De terceros, cuando no las env\u00eda el propio editor, sino por otra entidad.<\/span><\/p>\n<p><b>Cookies de sesi\u00f3n y persistentes: <\/b><span style=\"font-weight: 400;\">en las de sesi\u00f3n, los datos recabados s\u00f3lo se recogen mientras el usuario est\u00e1 navegando por la p\u00e1gina web. En el caso de las persistentes, los datos contin\u00faan almacenados en el terminal y se puede acceder a ellos durante un per\u00edodo de tiempo determinados.<\/span><\/p>\n<p><b>Cookies t\u00e9cnicas\/personalizaci\u00f3n\/an\u00e1lisis\/publicitarias:<\/b><span style=\"font-weight: 400;\"> las cookies t\u00e9cnicas ser\u00edan las que permiten controlar el tr\u00e1fico y la comunicaci\u00f3n de datos; las de personalizaci\u00f3n, las que dejan a los usuarios acceder seg\u00fan algunas caracter\u00edsticas propias que se recogen (navegador, idioma, etc.). Las de an\u00e1lisis recogen datos sobre el comportamiento de los usuarios y permiten elaborar un perfil de usuario. Por \u00faltimo, las publicitarias recogen datos sobre la gesti\u00f3n de los espacios publicitarios.<\/span><\/p>\n<p><span style=\"font-weight: 400;\">Nuestro sitio web utiliza cookies. Las estrictamente necesarias se instalan de forma autom\u00e1tica. Las que puedan utilizarse para personalizar el contenido y los anuncios, ofrecer funciones de redes sociales y analizar el tr\u00e1fico, quedan a su elecci\u00f3n, marque o desmarque las casillas que encontrar\u00e1 al navegar en nuestro sitio web seg\u00fan su criterio.\u00a0<\/span><\/p>\n<p>Se incluyen cookies de terceros y gestionadas a trav\u00e9s de un proveedor especializado, Quantcast, mediante una herramienta que otorga al usuario el control al sobre la captaci\u00f3n de datos.<\/p>\n<p><span style=\"font-weight: 400;\">La normativa establece que podemos almacenar cookies en su dispositivo si son estrictamente necesarias para el funcionamiento del sitio web. Para todos los dem\u00e1s tipos de cookies necesitamos su permiso. Tiene la opci\u00f3n de configurar sus cookies de forma f\u00e1cil y r\u00e1pida en el apartado &#8220;configurar cookies&#8221;<\/span><\/p>\n<p><span style=\"font-weight: 400;\"><br \/>\n<\/span><span style=\"font-weight: 400;\">A continuaci\u00f3n, le detallamos el tipo de cookies que utilizamos en nuestro sitio web.<\/span><\/p>\n<p><img loading=\"lazy\" class=\"alignnone wp-image-390\" src=\"http:\/\/clinicadentalsbd.com\/wp-content\/uploads\/2020\/04\/cookies-300x40.png\" alt=\"\" width=\"908\" height=\"121\" srcset=\"https:\/\/clinicadentalsbd.com\/wp-content\/uploads\/2020\/04\/cookies-300x40.png 300w, https:\/\/clinicadentalsbd.com\/wp-content\/uploads\/2020\/04\/cookies-1024x138.png 1024w\" sizes=\"(max-width: 908px) 100vw, 908px\" \/><\/p>\n<p><strong>SERVERID585<\/strong>: Cookie propia del proveedor de hosting.<br \/>\n<strong>_ga \/ _gid \/ _gat<\/strong>: Cookies generadas por Google Analytics. Duraci\u00f3n y validez de la cookie: 2 a\u00f1os<br \/>\n<strong>pll_language<\/strong>: Cookie para guardar preferencias de idioma. Duraci\u00f3n y validez de la cookie: 1 a\u00f1o<br \/>\n<strong>_qca:\u00a0<\/strong>Cookies de quantcast, proveedor de herramientas de anal\u00edtica web. Duraci\u00f3n y validez de la cookie: 1 mes<br \/>\n<strong>euconsent \/ _cmp&#8230;:\u00a0<\/strong>Cookie conforme aceptaci\u00f3n de pol\u00edtica de cookies.\u00a0Duraci\u00f3n y validez de la cookie: 1 mes<\/p>\n<p>&nbsp;<\/p>\n<p><b>REVOCACI\u00d3N INSTALACI\u00d3N DE COOKIES<\/b><\/p>\n<p><span style=\"font-weight: 400;\">El usuario tendr\u00e1 la posibilidad de decidir si mantiene las cookies habilitadas en su ordenador a trav\u00e9s del gestor de cookies habilitado para dicha finalidad.<\/span><\/p>\n<p>&nbsp;<\/p>\n<p><span style=\"font-weight: 400;\">El usuario que quiera deshabilitar las cookies aceptadas hasta ahora podr\u00e1 hacerlo desde la secci\u00f3n de preferencias de su navegador de Internet. Esta configuraci\u00f3n debe realizarla en cada navegador, si lo hace en un navegador y no en los restantes del mismo dispositivo, se asumir\u00e1 que en los otros si acepta el uso de cookies.\u00a0<\/span><\/p>\n<p>&nbsp;<\/p>\n<p><span style=\"font-weight: 400;\">Como cada navegador posee configuraciones diferentes, deber\u00e1 dirigirse a la parte de ayuda de cada uno para ver el caso en particular. En esta secci\u00f3n se hace menci\u00f3n a los m\u00e1s comunes, no obstante por actualizaciones de los navegadores o del sistema operativo que est\u00e9 utilizando, esto puede variar. Lo mejor es que siempre acuda a los manuales de uso de su navegador.<\/span><\/p>\n<p>&nbsp;<\/p>\n<p><span style=\"font-weight: 400;\">Chrome: Ir a Men\u00fa \u2013 Configuraci\u00f3n (en Mac: Preferencias) \u2013 Ajustes Avanzados \u2013 Privacidad \u2013 Aqu\u00ed elige si configurar las cookies o eliminar las cookies existentes. Para m\u00e1s informaci\u00f3n puede visitar la ayuda de Chrome.\u00a0<\/span><\/p>\n<p><span style=\"font-weight: 400;\">Internet Explorer: Ir a Herramientas \u2013 Opciones de Internet \u2013 Privacidad \u2013 Privacidad \u2013 Configuraci\u00f3n \u2013 Opciones avanzadas. Configure lo deseado. Para m\u00e1s informaci\u00f3n puede visitar la secci\u00f3n de ayuda propia del navegador\u00a0<\/span><\/p>\n<p><span style=\"font-weight: 400;\">Firefox: Ir a Men\u00fa \u2013 Preferencias \u2013 Privacidad \u2013 Mostrar cookies \u2013 Configurar seg\u00fan lo que desee. Para m\u00e1s informaci\u00f3n puede visitar la secci\u00f3n de ayuda del navegador\u00a0<\/span><\/p>\n<p><span style=\"font-weight: 400;\">Safari: Safari \u2013 Preferencias \u2013 Privacidad \u2013 Realice la configuraci\u00f3n deseada. Para m\u00e1s informaci\u00f3n puede visitar la <\/span><a href=\"https:\/\/support.apple.com\/kb\/ph21411?locale=es_ES\"><span style=\"font-weight: 400;\">ayuda de Apple<\/span><\/a><\/p>\n<p>&nbsp;<\/p>\n<p><span style=\"font-weight: 400;\">Pol\u00edtica de cookies actualizada por \u00faltima vez el 13\/04\/2020<\/span><\/p>\n","protected":false},"excerpt":{"rendered":"<p>\u00bfQU\u00c9 SON LAS COOKIES?\u00a0 Una cookie es un fichero que se descarga en el disco duro de su ordenador al acceder a determinadas p\u00e1ginas web o aplicaciones. Las cookies permiten, entre otras cosas, recopilar informaci\u00f3n estad\u00edstica, facilitar ciertas funcionalidades t\u00e9cnicas, almacenar y recuperar informaci\u00f3n sobre los h\u00e1bitos de navegaci\u00f3n o preferencias de un usuario o&#8230;<\/p>\n","protected":false},"author":1,"featured_media":0,"parent":0,"menu_order":0,"comment_status":"closed","ping_status":"closed","template":"","meta":[],"_links":{"self":[{"href":"https:\/\/clinicadentalsbd.com\/index.php\/wp-json\/wp\/v2\/pages\/378"}],"collection":[{"href":"https:\/\/clinicadentalsbd.com\/index.php\/wp-json\/wp\/v2\/pages"}],"about":[{"href":"https:\/\/clinicadentalsbd.com\/index.php\/wp-json\/wp\/v2\/types\/page"}],"author":[{"embeddable":true,"href":"https:\/\/clinicadentalsbd.com\/index.php\/wp-json\/wp\/v2\/users\/1"}],"replies":[{"embeddable":true,"href":"https:\/\/clinicadentalsbd.com\/index.php\/wp-json\/wp\/v2\/comments?post=378"}],"version-history":[{"count":6,"href":"https:\/\/clinicadentalsbd.com\/index.php\/wp-json\/wp\/v2\/pages\/378\/revisions"}],"predecessor-version":[{"id":394,"href":"https:\/\/clinicadentalsbd.com\/index.php\/wp-json\/wp\/v2\/pages\/378\/revisions\/394"}],"wp:attachment":[{"href":"https:\/\/clinicadentalsbd.com\/index.php\/wp-json\/wp\/v2\/media?parent=378"}],"curies":[{"name":"wp","href":"https:\/\/api.w.org\/{rel}","templated":true}]}}